{"id":26744,"date":"2024-10-12T23:00:09","date_gmt":"2024-10-12T20:00:09","guid":{"rendered":"https:\/\/www.mustafabagli.com\/tr\/?page_id=26744"},"modified":"2024-10-15T08:26:39","modified_gmt":"2024-10-15T05:26:39","slug":"hakkimizda","status":"publish","type":"page","link":"https:\/\/www.mustafabagli.com\/tr\/hakkimizda\/","title":{"rendered":"Hakk\u0131m\u0131zda"},"content":{"rendered":"\t\t<div data-elementor-type=\"wp-page\" data-elementor-id=\"26744\" class=\"elementor elementor-26744\" data-elementor-post-type=\"page\">\n\t\t\t\t\t\t<section class=\"elementor-section elementor-top-section elementor-element elementor-element-52e30b4c elementor-section-height-min-height elementor-section-content-top elementor-section-items-top elementor-section-boxed elementor-section-height-default sc_fly_static\" data-id=\"52e30b4c\" data-element_type=\"section\" data-settings=\"{&quot;background_background&quot;:&quot;classic&quot;}\">\n\t\t\t\t\t\t<div class=\"elementor-container elementor-column-gap-extended\">\n\t\t\t\t\t<div class=\"elementor-column elementor-col-100 elementor-top-column elementor-element elementor-element-1eb0307f sc_layouts_column_align_center sc_layouts_column sc_content_align_inherit sc_layouts_column_icons_position_left sc_fly_static\" data-id=\"1eb0307f\" data-element_type=\"column\">\n\t\t\t<div class=\"elementor-widget-wrap elementor-element-populated\">\n\t\t\t\t\t\t<div class=\"elementor-element elementor-element-55a7c7f7 sc_fly_static elementor-widget elementor-widget-spacer\" data-id=\"55a7c7f7\" data-element_type=\"widget\" data-widget_type=\"spacer.default\">\n\t\t\t\t<div class=\"elementor-widget-container\">\n\t\t\t\t\t<div class=\"elementor-spacer\">\n\t\t\t<div class=\"elementor-spacer-inner\"><\/div>\n\t\t<\/div>\n\t\t\t\t<\/div>\n\t\t\t\t<\/div>\n\t\t\t\t<div class=\"elementor-element elementor-element-77a7af81 sc_fly_static elementor-widget elementor-widget-heading\" data-id=\"77a7af81\" data-element_type=\"widget\" data-widget_type=\"heading.default\">\n\t\t\t\t<div class=\"elementor-widget-container\">\n\t\t\t<h1 class=\"elementor-heading-title elementor-size-default\">Hakk\u0131m\u0131zda<\/h1>\t\t<\/div>\n\t\t\t\t<\/div>\n\t\t\t\t<div class=\"elementor-element elementor-element-76b4501d sc_fly_static elementor-widget elementor-widget-spacer\" data-id=\"76b4501d\" data-element_type=\"widget\" data-widget_type=\"spacer.default\">\n\t\t\t\t<div class=\"elementor-widget-container\">\n\t\t\t\t\t<div class=\"elementor-spacer\">\n\t\t\t<div class=\"elementor-spacer-inner\"><\/div>\n\t\t<\/div>\n\t\t\t\t<\/div>\n\t\t\t\t<\/div>\n\t\t\t\t<div class=\"elementor-element elementor-element-3184b0a2 elementor-view-default sc_fly_static elementor-widget elementor-widget-icon\" data-id=\"3184b0a2\" data-element_type=\"widget\" data-widget_type=\"icon.default\">\n\t\t\t\t<div class=\"elementor-widget-container\">\n\t\t\t\t\t<div class=\"elementor-icon-wrapper\">\n\t\t\t<div class=\"elementor-icon\">\n\t\t\t<svg xmlns=\"http:\/\/www.w3.org\/2000\/svg\" width=\"14.626\" height=\"8.639\" viewBox=\"0 0 14.626 8.639\"><g id=\"down-arrow\" transform=\"translate(0 -70.698)\"><g id=\"Group_8820\" data-name=\"Group 8820\" transform=\"translate(0 100.698)\"><path id=\"Path_6507\" data-name=\"Path 6507\" d=\"M14.392,101.42l-.479-.482a.8.8,0,0,0-1.132,0L7.316,106.4l-5.472-5.472a.8.8,0,0,0-1.132,0l-.479.479a.8.8,0,0,0,0,1.131l6.515,6.538a.818.818,0,0,0,.567.257h0a.818.818,0,0,0,.566-.257l6.508-6.52a.808.808,0,0,0,.234-.571A.8.8,0,0,0,14.392,101.42Z\" transform=\"translate(0 -130.698)\"><\/path><\/g><\/g><\/svg>\t\t\t<\/div>\n\t\t<\/div>\n\t\t\t\t<\/div>\n\t\t\t\t<\/div>\n\t\t\t\t<div class=\"elementor-element elementor-element-24443b52 sc_fly_static elementor-widget elementor-widget-spacer\" data-id=\"24443b52\" data-element_type=\"widget\" data-widget_type=\"spacer.default\">\n\t\t\t\t<div class=\"elementor-widget-container\">\n\t\t\t\t\t<div class=\"elementor-spacer\">\n\t\t\t<div class=\"elementor-spacer-inner\"><\/div>\n\t\t<\/div>\n\t\t\t\t<\/div>\n\t\t\t\t<\/div>\n\t\t\t\t\t<\/div>\n\t\t<\/div>\n\t\t\t\t\t<\/div>\n\t\t<\/section>\n\t\t\t\t<section class=\"elementor-section elementor-top-section elementor-element elementor-element-0d5b4ee elementor-section-content-middle scheme_plastic elementor-section-boxed elementor-section-height-default elementor-section-height-default sc_fly_static\" data-id=\"0d5b4ee\" data-element_type=\"section\" data-settings=\"{&quot;background_background&quot;:&quot;classic&quot;}\">\n\t\t\t\t\t\t<div class=\"elementor-container elementor-column-gap-default\">\n\t\t\t\t\t<div class=\"elementor-column elementor-col-50 elementor-top-column elementor-element elementor-element-3721280 sc_content_align_inherit sc_layouts_column_icons_position_left sc_fly_static\" data-id=\"3721280\" data-element_type=\"column\">\n\t\t\t<div class=\"elementor-widget-wrap elementor-element-populated\">\n\t\t\t\t\t\t<div class=\"elementor-element elementor-element-cb49828 elementor-widget__width-auto no-title sc_fly_static elementor-widget elementor-widget-image\" data-id=\"cb49828\" data-element_type=\"widget\" data-widget_type=\"image.default\">\n\t\t\t\t<div class=\"elementor-widget-container\">\n\t\t\t\t\t\t\t\t\t\t<figure class=\"wp-caption\">\n\t\t\t\t\t\t\t\t\t\t<img decoding=\"async\" src=\"https:\/\/www.mustafabagli.com\/tr\/wp-content\/uploads\/2024\/09\/Op.Dr_.Mustafa-Bagli-rhinoplasty.webp\" title=\"Op.Dr.Mustafa Ba\u011fl\u0131, rhinoplasty\" alt=\"\" loading=\"lazy\" \/>\t\t\t\t\t\t\t\t\t\t\t<figcaption class=\"widget-image-caption wp-caption-text\"><\/figcaption>\n\t\t\t\t\t\t\t\t\t\t<\/figure>\n\t\t\t\t\t\t\t<\/div>\n\t\t\t\t<\/div>\n\t\t\t\t<section class=\"elementor-section elementor-inner-section elementor-element elementor-element-1552dc5 elementor-section-content-bottom elementor-section-boxed elementor-section-height-default elementor-section-height-default sc_fly_static\" data-id=\"1552dc5\" data-element_type=\"section\">\n\t\t\t\t\t\t<div class=\"elementor-container elementor-column-gap-no\">\n\t\t\t\t\t<div class=\"elementor-column elementor-col-100 elementor-inner-column elementor-element elementor-element-9f4ed37 sc_content_align_inherit sc_layouts_column_icons_position_left sc_fly_static\" data-id=\"9f4ed37\" data-element_type=\"column\">\n\t\t\t<div class=\"elementor-widget-wrap elementor-element-populated\">\n\t\t\t\t\t\t<div class=\"elementor-element elementor-element-e1a3076 scheme_dark elementor-widget__width-initial elementor-absolute sc_fly_static elementor-widget elementor-widget-heading\" data-id=\"e1a3076\" data-element_type=\"widget\" data-settings=\"{&quot;_position&quot;:&quot;absolute&quot;}\" data-widget_type=\"heading.default\">\n\t\t\t\t<div class=\"elementor-widget-container\">\n\t\t\t<p class=\"elementor-heading-title elementor-size-default\">G\u00fczelli\u011finizi Bizimle Ke\u015ffedin!<\/p>\t\t<\/div>\n\t\t\t\t<\/div>\n\t\t\t\t\t<\/div>\n\t\t<\/div>\n\t\t\t\t\t<\/div>\n\t\t<\/section>\n\t\t\t\t\t<\/div>\n\t\t<\/div>\n\t\t\t\t<div class=\"elementor-column elementor-col-50 elementor-top-column elementor-element elementor-element-8080ed5 sc_content_align_inherit sc_layouts_column_icons_position_left sc_fly_static\" data-id=\"8080ed5\" data-element_type=\"column\">\n\t\t\t<div class=\"elementor-widget-wrap elementor-element-populated\">\n\t\t\t\t\t\t<div class=\"elementor-element elementor-element-901925e sc_fly_static elementor-widget elementor-widget-trx_sc_title\" data-id=\"901925e\" data-element_type=\"widget\" data-widget_type=\"trx_sc_title.default\">\n\t\t\t\t<div class=\"elementor-widget-container\">\n\t\t\t<div\t\tclass=\"sc_title color_style_dark sc_title_default\" ><h2 class=\"sc_item_title sc_title_title sc_item_title_style_default sc_item_title_tag\"\n\t\t\t><span class=\"sc_item_title_text\">Op.Dr.Mustafa Ba\u011fl\u0131<\/span><\/h2><div class=\"sc_item_descr sc_title_descr\"><p>1987 y\u0131l\u0131nda \u015eanl\u0131urfa'n\u0131n tarihi ve b\u00fcy\u00fcleyici Halfeti il\u00e7esinde do\u011fdum. \u0130lk\u00f6\u011fretimimi farkl\u0131 \u015fehirlerdeki okullarda tamamlad\u0131ktan sonra lise e\u011fitimimi T\u00fcrkiye'nin en prestijli liselerinden biri olan Gaziantep Fen Lisesi'nde tamamlad\u0131m. Ard\u0131ndan 2011 y\u0131l\u0131nda T\u00fcrkiye'nin en iyi t\u0131p fak\u00fcltesi olan \u0130stanbul T\u0131p Fak\u00fcltesi'nden mezun oldum ve \u0130stanbul \u015ei\u015fli Etfal E\u011fitim ve Ara\u015ft\u0131rma Hastanesi Kulak Burun Bo\u011faz Klini\u011fi'nde uzmanl\u0131k e\u011fitimi alarak meslek hayat\u0131ma ba\u015flad\u0131m.<\/p>\n<p>Burun sa\u011fl\u0131\u011f\u0131 ve esteti\u011fine odaklanan klini\u011fimizin verdi\u011fi ilhamla ve burun ameliyat\u0131 sonras\u0131 hastalar\u0131mdaki d\u00f6n\u00fc\u015f\u00fcmleri g\u00f6zlemleyerek y\u00fcz esteti\u011fi ve \u00f6zellikle burun esteti\u011fi alan\u0131nda derinlemesine bilgi edinmeye ba\u015flad\u0131m. Uzmanl\u0131k e\u011fitimimi 2015 y\u0131l\u0131nda tamamlad\u0131ktan sonra alan\u0131nda uzman bir\u00e7ok de\u011ferli meslekta\u015f\u0131mla \u00e7al\u0131\u015fma ve onlardan bir \u015feyler \u00f6\u011frenme f\u0131rsat\u0131 buldum. Mesle\u011fimle ilgili temel felsefem \u201cher zaman daha iyisini yapmak\u201d \u00fczerine kurulu. Bu ilke do\u011frultusunda hem uzmanl\u0131k e\u011fitimim s\u0131ras\u0131nda hem de sonras\u0131nda kat\u0131ld\u0131\u011f\u0131m say\u0131s\u0131z e\u011fitimle bir\u00e7ok hastan\u0131n hayat\u0131na dokunma \u015fans\u0131 buldum ve bulmaya devam ediyorum.<\/p>\n<p>Profesyonel hayat\u0131m\u0131n yan\u0131 s\u0131ra ki\u015fisel zenginli\u011fimi ve ruhsal dengemi m\u00fczikle sa\u011fl\u0131yorum. Davul ve tanbur \u00e7almak benim i\u00e7in sadece bir hobi de\u011fil, ayn\u0131 zamanda i\u00e7 d\u00fcnyam\u0131 ifade etmenin ve kendimi yenilemenin bir yolu.<\/p>\n<\/div><\/div>\t\t<\/div>\n\t\t\t\t<\/div>\n\t\t\t\t\t<\/div>\n\t\t<\/div>\n\t\t\t\t\t<\/div>\n\t\t<\/section>\n\t\t\t\t<section class=\"elementor-section elementor-top-section elementor-element elementor-element-4b4af7e elementor-section-content-middle scheme_plastic elementor-section-boxed elementor-section-height-default elementor-section-height-default sc_fly_static\" data-id=\"4b4af7e\" data-element_type=\"section\" data-settings=\"{&quot;background_background&quot;:&quot;classic&quot;}\">\n\t\t\t\t\t\t<div class=\"elementor-container elementor-column-gap-default\">\n\t\t\t\t\t<div class=\"elementor-column elementor-col-100 elementor-top-column elementor-element elementor-element-94770ca sc_content_align_inherit sc_layouts_column_icons_position_left sc_fly_static\" data-id=\"94770ca\" data-element_type=\"column\">\n\t\t\t<div class=\"elementor-widget-wrap elementor-element-populated\">\n\t\t\t\t\t\t<div class=\"elementor-element elementor-element-8b70091 sc_fly_static elementor-widget elementor-widget-trx_sc_title\" data-id=\"8b70091\" data-element_type=\"widget\" data-widget_type=\"trx_sc_title.default\">\n\t\t\t\t<div class=\"elementor-widget-container\">\n\t\t\t<div\t\tclass=\"sc_title color_style_dark sc_title_default\" ><div class=\"sc_item_descr sc_title_descr\"><p>Ayr\u0131ca, \u0130ngilizce ve \u0130spanyolca dillerini ak\u0131c\u0131 bir \u015fekilde konu\u015fuyor olmak, farkl\u0131 k\u00fclt\u00fcrlerden insanlarla derinlemesine ileti\u015fim kurma becerimi art\u0131r\u0131yor ve beni hem profesyonel hem de ki\u015fisel hayat\u0131mda daha etkili bir ileti\u015fimci haline getiriyor.<\/p>\n<p>Her ge\u00e7en g\u00fcn kendimi geli\u015ftirerek, bilgi ve becerilerimi art\u0131rarak daha fazla insan\u0131n hayat\u0131na dokunmaya devam ediyorum. Sizlere en iyi hizmeti sunmak, estetik ve sa\u011fl\u0131k ihtiya\u00e7lar\u0131n\u0131z i\u00e7in en uygun \u00e7\u00f6z\u00fcmleri bulmak benim i\u00e7in sadece bir meslek de\u011fil ayn\u0131 zamanda bir tutku. G\u00fcveniniz ve memnuniyetiniz mesleki yolculu\u011fumdaki en \u00f6nemli motivasyon kaynaklar\u0131mdan biri.<\/p>\n<\/div><\/div>\t\t<\/div>\n\t\t\t\t<\/div>\n\t\t\t\t\t<\/div>\n\t\t<\/div>\n\t\t\t\t\t<\/div>\n\t\t<\/section>\n\t\t\t\t<\/div>\n\t\t","protected":false},"excerpt":{"rendered":"<p>Hakk\u0131m\u0131zda G\u00fczelli\u011finizi Bizimle Ke\u015ffedin! Op.Dr.Mustafa Ba\u011fl\u0131 1987 y\u0131l\u0131nda \u015eanl\u0131urfa&#8217;n\u0131n tarihi ve b\u00fcy\u00fcleyici Halfeti il\u00e7esinde do\u011fdum. \u0130lk\u00f6\u011fretimimi farkl\u0131 \u015fehirlerdeki okullarda tamamlad\u0131ktan sonra lise e\u011fitimimi T\u00fcrkiye&#8217;nin en prestijli liselerinden biri olan Gaziantep&hellip;<\/p>\n","protected":false},"author":1,"featured_media":0,"parent":0,"menu_order":0,"comment_status":"closed","ping_status":"closed","template":"","meta":{"footnotes":""},"class_list":["post-26744","page","type-page","status-publish","hentry"],"_links":{"self":[{"href":"https:\/\/www.mustafabagli.com\/tr\/wp-json\/wp\/v2\/pages\/26744"}],"collection":[{"href":"https:\/\/www.mustafabagli.com\/tr\/wp-json\/wp\/v2\/pages"}],"about":[{"href":"https:\/\/www.mustafabagli.com\/tr\/wp-json\/wp\/v2\/types\/page"}],"author":[{"embeddable":true,"href":"https:\/\/www.mustafabagli.com\/tr\/wp-json\/wp\/v2\/users\/1"}],"replies":[{"embeddable":true,"href":"https:\/\/www.mustafabagli.com\/tr\/wp-json\/wp\/v2\/comments?post=26744"}],"version-history":[{"count":10,"href":"https:\/\/www.mustafabagli.com\/tr\/wp-json\/wp\/v2\/pages\/26744\/revisions"}],"predecessor-version":[{"id":27462,"href":"https:\/\/www.mustafabagli.com\/tr\/wp-json\/wp\/v2\/pages\/26744\/revisions\/27462"}],"wp:attachment":[{"href":"https:\/\/www.mustafabagli.com\/tr\/wp-json\/wp\/v2\/media?parent=26744"}],"curies":[{"name":"wp","href":"https:\/\/api.w.org\/{rel}","templated":true}]}}